{"id":3,"date":"2022-03-31T22:55:55","date_gmt":"2022-03-31T22:55:55","guid":{"rendered":"https:\/\/mycheap-travel.com\/?page_id=3"},"modified":"2023-02-02T15:19:14","modified_gmt":"2023-02-02T15:19:14","slug":"polityka-prywatnosci","status":"publish","type":"page","link":"https:\/\/mycheap-travel.com\/en\/polityka-prywatnosci\/","title":{"rendered":"Polityka Prywatno\u015bci"},"content":{"rendered":"<p>[et_pb_section fb_built=&#8221;1&#8243; _builder_version=&#8221;4.16&#8243; global_colors_info=&#8221;{}&#8221;][et_pb_row _builder_version=&#8221;4.16&#8243; background_size=&#8221;initial&#8221; background_position=&#8221;top_left&#8221; background_repeat=&#8221;repeat&#8221; global_colors_info=&#8221;{}&#8221;][et_pb_column type=&#8221;4_4&#8243; _builder_version=&#8221;4.16&#8243; custom_padding=&#8221;|||&#8221; global_colors_info=&#8221;{}&#8221; custom_padding__hover=&#8221;|||&#8221;][et_pb_text _builder_version=&#8221;4.17.3&#8243; background_size=&#8221;initial&#8221; background_position=&#8221;top_left&#8221; background_repeat=&#8221;repeat&#8221; hover_enabled=&#8221;0&#8243; global_colors_info=&#8221;{}&#8221; sticky_enabled=&#8221;0&#8243;]<\/p>\n<p><!-- divi:heading -->Serwis darmowepodroze.pl zastrzega sobie prawo do wprowadzania zmian w Polityce Prywatno\u015bci.<\/p>\n<p>Ka\u017cdego klienta Serwis darmowepodroze.pl i u\u017cytkownika serwis\u00f3w oraz publikacji nale\u017c\u0105cych do Serwis darmowepodroze.pl obowi\u0105zuje aktualna Polityka Prywatno\u015bci.<\/p>\n<p>Dla interpretacji termin\u00f3w stosuje si\u0119 s\u0142owniczek Regulaminu lub tak jak zosta\u0142o to opisane w Polityce Prywatno\u015bci (je\u017celi wynika to bezpo\u015brednio z opisu).<\/p>\n<p>Na potrzeby lepszego odbioru Polityki Prywatno\u015bci termin \u201eU\u017cytkownik\u201d zast\u0105piony zosta\u0142 okre\u015bleniem \u201eTy\u201d, \u201eAdministrator\u201d \u2013 \u201eMy\u201d. Termin \u201eRODO\u201d oznacza Rozporz\u0105dzenie Parlamentu Europejskiego i Rady (UE) 2016\/679 z dnia 27 kwietnia 2016 r. w sprawie ochrony os\u00f3b fizycznych w zwi\u0105zku z przetwarzaniem danych osobowych i w sprawie swobodnego przep\u0142ywu takich danych oraz uchylenia dyrektywy 95\/46\/WE.<\/p>\n<p>Szanujemy prawo do prywatno\u015bci i dbamy o bezpiecze\u0144stwo danych. W tym celu u\u017cywany jest m.in. bezpieczny protok\u00f3\u0142 szyfrowania komunikacji (SSL).<\/p>\n<p>Dane osobowe podawane w formularzu na landing page\u2019u s\u0105 traktowane jako poufne i nie s\u0105 widoczne dla os\u00f3b nieuprawnionych.<\/p>\n<p>Jakiekolwiek wprowadzane zmiany nie wp\u0142ywaj\u0105 na podstawow\u0105 zasad\u0119: Serwis darmowepodroze.pl nie sprzedaje i nie udost\u0119pnia osobom trzecim danych personalnych czy adresowych klient\u00f3w\/u\u017cytkownik\u00f3w swoich serwis\u00f3w i czasopism.<\/p>\n<p>Je\u015bli nie zgadzasz si\u0119 z Polityk\u0105 Prywatno\u015bci, prosz\u0119 nie odwiedza\u0107 serwis\u00f3w, nie prenumerowa\u0107 czasopism nale\u017c\u0105cych do Serwis darmowepodroze.pl oraz nie nabywa\u0107 produkt\u00f3w i us\u0142ug oferowanych przez darmowepodroze.pl.<\/p>\n<p>Szanujemy Twoje dane osobowe!<\/p>\n<p>Nigdy nie udost\u0119pniamy osobom trzecim danych u\u017cytkownik\u00f3w tego serwisu! Zawsze masz prawo do zmiany lub usuni\u0119cia swoich danych z bazy serwisu.<\/p>\n<h2><strong>Dane Osobowe<\/strong><\/h2>\n<p>W czasie korzystania z serwis\u00f3w nale\u017c\u0105cych do Serwis darmowepodroze.pl mo\u017cesz zosta\u0107 poproszony o podanie niekt\u00f3rych swoich danych osobowych poprzez wype\u0142nienie formularza lub w inny spos\u00f3b. Dane, o kt\u00f3re b\u0119dziesz proszony, to w wi\u0119kszo\u015bci przypadk\u00f3w imi\u0119 i adres e-mail.<\/p>\n<p>Wymagamy tylko tych danych, kt\u00f3re s\u0105 niezb\u0119dne do dzia\u0142ania serwisu. Niepodanie wymaganych danych zablokuje czynno\u015b\u0107, kt\u00f3r\u0105 te dane dotyczy\u0142y.<\/p>\n<h2><strong>Bezpiecze\u0144stwo Twoich Danych Osobowych<\/strong><\/h2>\n<p>Twoje dane s\u0105 bezpieczne i gwarantuje i\u017c nie b\u0119d\u0105 przekazywane\u00a0osobom trzecim. Wszystkie adresy e-mail przechowywane s\u0105 na\u00a0bezpiecznej platformie Active Campaign \u2013 Ca\u0142o\u015bciowy System Zwi\u0119kszania Sprzeda\u017cy,\u00a0Kt\u00f3ry Automatyzuje i Optymalizuje\u00a0Wszystkie Akcje Marketingowe. Regulamin portalu znajdziesz<span>\u00a0<\/span><a href=\"https:\/\/flowmakersdigital.pl\/polityka-prywatnosci\/\">tutaj&gt;<\/a>\u00a0 Polityk\u0119 Prywatno\u015bci znajdziesz<span>\u00a0<\/span><a href=\"https:\/\/flowmakersdigital.pl\/polityka-prywatnosci\/\" target=\"_blank\" rel=\"noopener noreferrer\">Tutaj&gt;<\/a>\u00a0Tw\u00f3j adres e-mail b\u0119dzie przechowywany i wykorzystywany do\u00a0komunikacji mi\u0119dzy nami od czasu Twojego zapisu, a\u017c do momentu\u00a0kiedy uznasz, \u017ce moja wiedza ju\u017c Ci\u0119 nie interesuj\u0119.<\/p>\n<h2><strong>Subskrypcja bezp\u0142atnych czasopism<\/strong><\/h2>\n<p>Zaprenumerowanie elektronicznych i bezp\u0142atnych czasopism nale\u017c\u0105cych do Serwis darmowepodroze.pl wymaga podania w odpowiednim formularzu swojego imienia i adresu e-mail.<span>\u00a0<\/span><strong>Pola te s\u0105 obowi\u0105zkowe.<\/strong><\/p>\n<p>Uzyskane w ten spos\u00f3b dane s\u0105 dodawane do listy mailingowej e-zinu. Adres e-mail jest niezb\u0119dny do tego, aby mo\u017cna by\u0142o wys\u0142a\u0107 danemu czytelnikowi numer czasopisma. Imi\u0119 pozwala Serwis darmowepodroze.pl zwraca\u0107 si\u0119 do czytelnik\u00f3w po imieniu.<\/p>\n<h2><strong>Niezapowiedziane Wiadomo\u015bci<\/strong><\/h2>\n<p>Serwis darmowepodroze.pl zastrzega sobie prawo do wysy\u0142ania niezapowiedzianych wiadomo\u015bci osobom, kt\u00f3rych dane kontaktowe posiada i kt\u00f3re zgodzi\u0142y si\u0119 z Polityk\u0105 Prywatno\u015bci.<\/p>\n<p>Pod poj\u0119ciem niezapowiedzianych wiadomo\u015bci Serwis darmowepodroze.pl rozumie informacje odnosz\u0105ce si\u0119 bezpo\u015brednio do jego serwis\u00f3w, czasopism, us\u0142ug i produkt\u00f3w (np. zmiany, wewn\u0119trzne promocje), niekomercyjne listy (np. \u017cyczenia, komentarze osobiste itp.) oraz informacje komercyjne, kt\u00f3rych rozsy\u0142ka zosta\u0142a op\u0142acona przez klient\u00f3w Serwis darmowepodroze.pl.<\/p>\n<p>Podmioty zlecaj\u0105ce komercyjne mailingi nie maj\u0105 wgl\u0105du w dane kontaktowe os\u00f3b znajduj\u0105cych si\u0119 na listach adresowych Serwis darmowepodroze.pl.<\/p>\n<p>Informacje komercyjne s\u0105 filtrowane w stopniu w jakim jest to mo\u017cliwe, ograniczana jest ich obj\u0119to\u015b\u0107 i wysy\u0142ane s\u0105 sporadycznie.<\/p>\n<h2><strong>Jawne Dane Osobowe<\/strong><\/h2>\n<p>Dane osobowe podane na serwisach nale\u017c\u0105cych do Serwis darmowepodroze.pl przy okazji wysy\u0142ania komentarzy do artyku\u0142\u00f3w, odpowiedzi na forum itp. s\u0105 dost\u0119pne dla wszystkich odwiedzaj\u0105cych strony zawieraj\u0105ce te dane. Serwis darmowepodroze.pl nie ma mo\u017cliwo\u015bci zabezpieczenia u\u017cytkownik\u00f3w przed osobami prywatnymi lub firmami, kt\u00f3re te dane wykorzystaj\u0105 do przes\u0142ania nieokre\u015blonych informacji. Dlatego dane te nie podlegaj\u0105 Polityce Prywatno\u015bci.<\/p>\n<h2><strong>Inne formularze<\/strong><\/h2>\n<p>Formularze znajduj\u0105ce si\u0119 go\u015bcinnie na serwisach nale\u017c\u0105cych do Serwis darmowepodroze.pl i dotycz\u0105ce us\u0142ug, produkt\u00f3w, serwis\u00f3w i czasopism nieobs\u0142ugiwanych przez Serwis darmowepodroze.pl nie podlegaj\u0105 Polityce Prywatno\u015bci.<\/p>\n<h2><strong>Cookies (Ciasteczka)<\/strong><\/h2>\n<p>Niekt\u00f3re obszary serwis\u00f3w nale\u017c\u0105cych do Serwis darmowepodroze.pl mog\u0105 wykorzystywa\u0107 cookies, czyli ma\u0142e pliki tekstowe wysy\u0142ane do komputera internauty identyfikuj\u0105ce go w spos\u00f3b potrzebny do uproszczenia lub umorzenia danej operacji.<\/p>\n<p>Cookies s\u0105 nieszkodliwe ani dla komputera ani dla jego u\u017cytkownika i jego danych.<\/p>\n<p>Warunkiem dzia\u0142ania cookies jest ich akceptacja przez przegl\u0105dark\u0119 i nie usuwanie ich z dysku.<\/p>\n<h2><strong>Partnerzy<\/strong><\/h2>\n<p>Polityka Prywatno\u015bci nie dotyczy serwis\u00f3w i firm, kt\u00f3rych dane kontaktowe podane s\u0105 w serwisach i czasopismach nale\u017c\u0105cych do Serwis darmowepodroze.pl.<\/p>\n<h2><strong>Wy\u0142\u0105czenie Odpowiedzialno\u015bci<\/strong><\/h2>\n<p>Serwis darmowepodroze.pl zosta\u0142 stworzony, aby pomaga\u0107 prowadzeniu biznesu. Nie powinno si\u0119 bezwarunkowo korzysta\u0107 z dokument\u00f3w, kt\u00f3re udost\u0119pniamy. Zawsze pami\u0119taj, aby dany dokument dok\u0142adnie przeczyta\u0107 i szczeg\u00f3\u0142owo przeanalizowa\u0107, gdy\u017c mo\u017ce nie by\u0107 stosowny do Twojej sytuacji, ewentualnie skonfrontuj z innymi podobnymi publikacjami.<\/p>\n<p>Opinie wyra\u017cone przez spo\u0142eczno\u015b\u0107 na forum, w komentarzach lub w inny spos\u00f3b nie zawsze s\u0105 zgodne z opini\u0105 Serwisu darmowepodroze.pl.<\/p>\n<p>Serwis darmowepodroze.pl oraz jego redakcja nie bierze na siebie odpowiedzialno\u015bci za zamieszczone reklamy. Kupuj\u0105cy powinien by\u0107 ostro\u017cny odpowiadaj\u0105c na reklam\u0119, b\u0105d\u017a wysy\u0142aj\u0105c pieni\u0105dze.<\/p>\n<p>&nbsp;<\/p>\n<p>&nbsp;<\/p>\n<p><!-- \/divi:paragraph --><\/p>\n<p>[\/et_pb_text][\/et_pb_column][\/et_pb_row][\/et_pb_section]<\/p>","protected":false},"excerpt":{"rendered":"<p>Serwis darmowepodroze.pl zastrzega sobie prawo do wprowadzania zmian w Polityce Prywatno\u015bci. Ka\u017cdego klienta Serwis darmowepodroze.pl i u\u017cytkownika serwis\u00f3w oraz publikacji nale\u017c\u0105cych do Serwis darmowepodroze.pl obowi\u0105zuje aktualna Polityka Prywatno\u015bci. Dla interpretacji termin\u00f3w stosuje si\u0119 s\u0142owniczek Regulaminu lub tak jak zosta\u0142o to opisane w Polityce Prywatno\u015bci (je\u017celi wynika to bezpo\u015brednio z opisu). Na potrzeby lepszego odbioru Polityki [&hellip;]<\/p>","protected":false},"author":1,"featured_media":0,"parent":0,"menu_order":0,"comment_status":"closed","ping_status":"closed","template":"","meta":{"_et_pb_use_builder":"on","_et_pb_old_content":"<!-- wp:heading -->\n<h2>Who we are<\/h2>\n<!-- \/wp:heading -->\n\n<!-- wp:paragraph -->\n<p><strong class=\"privacy-policy-tutorial\">Suggested text: <\/strong>Our website address is: https:\/\/mycheap-travel.com.<\/p>\n<!-- \/wp:paragraph -->\n\n<!-- wp:heading -->\n<h2>Comments<\/h2>\n<!-- \/wp:heading -->\n\n<!-- wp:paragraph -->\n<p><strong class=\"privacy-policy-tutorial\">Suggested text: <\/strong>When visitors leave comments on the site we collect the data shown in the comments form, and also the visitor\u2019s IP address and browser user agent string to help spam detection.<\/p>\n<!-- \/wp:paragraph -->\n\n<!-- wp:paragraph -->\n<p>An anonymized string created from your email address (also called a hash) may be provided to the Gravatar service to see if you are using it. The Gravatar service privacy policy is available here: https:\/\/automattic.com\/privacy\/. After approval of your comment, your profile picture is visible to the public in the context of your comment.<\/p>\n<!-- \/wp:paragraph -->\n\n<!-- wp:heading -->\n<h2>Media<\/h2>\n<!-- \/wp:heading -->\n\n<!-- wp:paragraph -->\n<p><strong class=\"privacy-policy-tutorial\">Suggested text: <\/strong>If you upload images to the website, you should avoid uploading images with embedded location data (EXIF GPS) included. Visitors to the website can download and extract any location data from images on the website.<\/p>\n<!-- \/wp:paragraph -->\n\n<!-- wp:heading -->\n<h2>Cookies<\/h2>\n<!-- \/wp:heading -->\n\n<!-- wp:paragraph -->\n<p><strong class=\"privacy-policy-tutorial\">Suggested text: <\/strong>If you leave a comment on our site you may opt-in to saving your name, email address and website in cookies. These are for your convenience so that you do not have to fill in your details again when you leave another comment. These cookies will last for one year.<\/p>\n<!-- \/wp:paragraph -->\n\n<!-- wp:paragraph -->\n<p>If you visit our login page, we will set a temporary cookie to determine if your browser accepts cookies. This cookie contains no personal data and is discarded when you close your browser.<\/p>\n<!-- \/wp:paragraph -->\n\n<!-- wp:paragraph -->\n<p>When you log in, we will also set up several cookies to save your login information and your screen display choices. Login cookies last for two days, and screen options cookies last for a year. If you select \"Remember Me\", your login will persist for two weeks. If you log out of your account, the login cookies will be removed.<\/p>\n<!-- \/wp:paragraph -->\n\n<!-- wp:paragraph -->\n<p>If you edit or publish an article, an additional cookie will be saved in your browser. This cookie includes no personal data and simply indicates the post ID of the article you just edited. It expires after 1 day.<\/p>\n<!-- \/wp:paragraph -->\n\n<!-- wp:heading -->\n<h2>Embedded content from other websites<\/h2>\n<!-- \/wp:heading -->\n\n<!-- wp:paragraph -->\n<p><strong class=\"privacy-policy-tutorial\">Suggested text: <\/strong>Articles on this site may include embedded content (e.g. videos, images, articles, etc.). Embedded content from other websites behaves in the exact same way as if the visitor has visited the other website.<\/p>\n<!-- \/wp:paragraph -->\n\n<!-- wp:paragraph -->\n<p>These websites may collect data about you, use cookies, embed additional third-party tracking, and monitor your interaction with that embedded content, including tracking your interaction with the embedded content if you have an account and are logged in to that website.<\/p>\n<!-- \/wp:paragraph -->\n\n<!-- wp:heading -->\n<h2>Who we share your data with<\/h2>\n<!-- \/wp:heading -->\n\n<!-- wp:paragraph -->\n<p><strong class=\"privacy-policy-tutorial\">Suggested text: <\/strong>If you request a password reset, your IP address will be included in the reset email.<\/p>\n<!-- \/wp:paragraph -->\n\n<!-- wp:heading -->\n<h2>How long we retain your data<\/h2>\n<!-- \/wp:heading -->\n\n<!-- wp:paragraph -->\n<p><strong class=\"privacy-policy-tutorial\">Suggested text: <\/strong>If you leave a comment, the comment and its metadata are retained indefinitely. This is so we can recognize and approve any follow-up comments automatically instead of holding them in a moderation queue.<\/p>\n<!-- \/wp:paragraph -->\n\n<!-- wp:paragraph -->\n<p>For users that register on our website (if any), we also store the personal information they provide in their user profile. All users can see, edit, or delete their personal information at any time (except they cannot change their username). Website administrators can also see and edit that information.<\/p>\n<!-- \/wp:paragraph -->\n\n<!-- wp:heading -->\n<h2>What rights you have over your data<\/h2>\n<!-- \/wp:heading -->\n\n<!-- wp:paragraph -->\n<p><strong class=\"privacy-policy-tutorial\">Suggested text: <\/strong>If you have an account on this site, or have left comments, you can request to receive an exported file of the personal data we hold about you, including any data you have provided to us. You can also request that we erase any personal data we hold about you. This does not include any data we are obliged to keep for administrative, legal, or security purposes.<\/p>\n<!-- \/wp:paragraph -->\n\n<!-- wp:heading -->\n<h2>Where we send your data<\/h2>\n<!-- \/wp:heading -->\n\n<!-- wp:paragraph -->\n<p><strong class=\"privacy-policy-tutorial\">Suggested text: <\/strong>Visitor comments may be checked through an automated spam detection service.<\/p>\n<!-- \/wp:paragraph -->","_et_gb_content_width":"","footnotes":""},"class_list":["post-3","page","type-page","status-publish","hentry"],"yoast_head":"<!-- This site is optimized with the Yoast SEO plugin v26.1.1 - https:\/\/yoast.com\/wordpress\/plugins\/seo\/ -->\n<title>Polityka Prywatno\u015bci - My Cheap Travel - Tanie Podr&oacute;\u017ce<\/title>\n<meta name=\"robots\" content=\"index, follow, max-snippet:-1, max-image-preview:large, max-video-preview:-1\" \/>\n<link rel=\"canonical\" href=\"https:\/\/mycheap-travel.com\/en\/polityka-prywatnosci\/\" \/>\n<meta property=\"og:locale\" content=\"en_GB\" \/>\n<meta property=\"og:type\" content=\"article\" \/>\n<meta property=\"og:title\" content=\"Polityka Prywatno\u015bci - My Cheap Travel - Tanie Podr&oacute;\u017ce\" \/>\n<meta property=\"og:description\" content=\"Serwis darmowepodroze.pl zastrzega sobie prawo do wprowadzania zmian w Polityce Prywatno\u015bci. Ka\u017cdego klienta Serwis darmowepodroze.pl i u\u017cytkownika serwis\u00f3w oraz publikacji nale\u017c\u0105cych do Serwis darmowepodroze.pl obowi\u0105zuje aktualna Polityka Prywatno\u015bci. Dla interpretacji termin\u00f3w stosuje si\u0119 s\u0142owniczek Regulaminu lub tak jak zosta\u0142o to opisane w Polityce Prywatno\u015bci (je\u017celi wynika to bezpo\u015brednio z opisu). Na potrzeby lepszego odbioru Polityki [&hellip;]\" \/>\n<meta property=\"og:url\" content=\"https:\/\/mycheap-travel.com\/en\/polityka-prywatnosci\/\" \/>\n<meta property=\"og:site_name\" content=\"My Cheap Travel - Tanie Podr&oacute;\u017ce\" \/>\n<meta property=\"article:modified_time\" content=\"2023-02-02T15:19:14+00:00\" \/>\n<meta name=\"twitter:card\" content=\"summary_large_image\" \/>\n<meta name=\"twitter:label1\" content=\"Estimated reading time\" \/>\n\t<meta name=\"twitter:data1\" content=\"4 minutes\" \/>\n<script type=\"application\/ld+json\" class=\"yoast-schema-graph\">{\"@context\":\"https:\/\/schema.org\",\"@graph\":[{\"@type\":\"WebPage\",\"@id\":\"https:\/\/mycheap-travel.com\/polityka-prywatnosci\/\",\"url\":\"https:\/\/mycheap-travel.com\/polityka-prywatnosci\/\",\"name\":\"Polityka Prywatno\u015bci - My Cheap Travel - Tanie Podr&oacute;\u017ce\",\"isPartOf\":{\"@id\":\"https:\/\/mycheap-travel.com\/#website\"},\"datePublished\":\"2022-03-31T22:55:55+00:00\",\"dateModified\":\"2023-02-02T15:19:14+00:00\",\"breadcrumb\":{\"@id\":\"https:\/\/mycheap-travel.com\/polityka-prywatnosci\/#breadcrumb\"},\"inLanguage\":\"en-GB\",\"potentialAction\":[{\"@type\":\"ReadAction\",\"target\":[\"https:\/\/mycheap-travel.com\/polityka-prywatnosci\/\"]}]},{\"@type\":\"BreadcrumbList\",\"@id\":\"https:\/\/mycheap-travel.com\/polityka-prywatnosci\/#breadcrumb\",\"itemListElement\":[{\"@type\":\"ListItem\",\"position\":1,\"name\":\"Strona g\u0142\u00f3wna\",\"item\":\"https:\/\/mycheap-travel.com\/\"},{\"@type\":\"ListItem\",\"position\":2,\"name\":\"Polityka Prywatno\u015bci\"}]},{\"@type\":\"WebSite\",\"@id\":\"https:\/\/mycheap-travel.com\/#website\",\"url\":\"https:\/\/mycheap-travel.com\/\",\"name\":\"My Cheap Travel - Tanie Podr&oacute;\u017ce\",\"description\":\"My Cheap Travel - Tanie Podr&oacute;\u017ce\",\"potentialAction\":[{\"@type\":\"SearchAction\",\"target\":{\"@type\":\"EntryPoint\",\"urlTemplate\":\"https:\/\/mycheap-travel.com\/?s={search_term_string}\"},\"query-input\":{\"@type\":\"PropertyValueSpecification\",\"valueRequired\":true,\"valueName\":\"search_term_string\"}}],\"inLanguage\":\"en-GB\"}]}<\/script>\n<!-- \/ Yoast SEO plugin. -->","yoast_head_json":{"title":"Polityka Prywatno\u015bci - My Cheap Travel - Tanie Podr&oacute;\u017ce","robots":{"index":"index","follow":"follow","max-snippet":"max-snippet:-1","max-image-preview":"max-image-preview:large","max-video-preview":"max-video-preview:-1"},"canonical":"https:\/\/mycheap-travel.com\/en\/polityka-prywatnosci\/","og_locale":"en_GB","og_type":"article","og_title":"Polityka Prywatno\u015bci - My Cheap Travel - Tanie Podr&oacute;\u017ce","og_description":"Serwis darmowepodroze.pl zastrzega sobie prawo do wprowadzania zmian w Polityce Prywatno\u015bci. Ka\u017cdego klienta Serwis darmowepodroze.pl i u\u017cytkownika serwis\u00f3w oraz publikacji nale\u017c\u0105cych do Serwis darmowepodroze.pl obowi\u0105zuje aktualna Polityka Prywatno\u015bci. Dla interpretacji termin\u00f3w stosuje si\u0119 s\u0142owniczek Regulaminu lub tak jak zosta\u0142o to opisane w Polityce Prywatno\u015bci (je\u017celi wynika to bezpo\u015brednio z opisu). Na potrzeby lepszego odbioru Polityki [&hellip;]","og_url":"https:\/\/mycheap-travel.com\/en\/polityka-prywatnosci\/","og_site_name":"My Cheap Travel - Tanie Podr&oacute;\u017ce","article_modified_time":"2023-02-02T15:19:14+00:00","twitter_card":"summary_large_image","twitter_misc":{"Estimated reading time":"4 minutes"},"schema":{"@context":"https:\/\/schema.org","@graph":[{"@type":"WebPage","@id":"https:\/\/mycheap-travel.com\/polityka-prywatnosci\/","url":"https:\/\/mycheap-travel.com\/polityka-prywatnosci\/","name":"Polityka Prywatno\u015bci - My Cheap Travel - Tanie Podr&oacute;\u017ce","isPartOf":{"@id":"https:\/\/mycheap-travel.com\/#website"},"datePublished":"2022-03-31T22:55:55+00:00","dateModified":"2023-02-02T15:19:14+00:00","breadcrumb":{"@id":"https:\/\/mycheap-travel.com\/polityka-prywatnosci\/#breadcrumb"},"inLanguage":"en-GB","potentialAction":[{"@type":"ReadAction","target":["https:\/\/mycheap-travel.com\/polityka-prywatnosci\/"]}]},{"@type":"BreadcrumbList","@id":"https:\/\/mycheap-travel.com\/polityka-prywatnosci\/#breadcrumb","itemListElement":[{"@type":"ListItem","position":1,"name":"Strona g\u0142\u00f3wna","item":"https:\/\/mycheap-travel.com\/"},{"@type":"ListItem","position":2,"name":"Polityka Prywatno\u015bci"}]},{"@type":"WebSite","@id":"https:\/\/mycheap-travel.com\/#website","url":"https:\/\/mycheap-travel.com\/","name":"My Cheap Travel - Tanie Podr&oacute;\u017ce","description":"My Cheap Travel - Tanie Podr&oacute;\u017ce","potentialAction":[{"@type":"SearchAction","target":{"@type":"EntryPoint","urlTemplate":"https:\/\/mycheap-travel.com\/?s={search_term_string}"},"query-input":{"@type":"PropertyValueSpecification","valueRequired":true,"valueName":"search_term_string"}}],"inLanguage":"en-GB"}]}},"_links":{"self":[{"href":"https:\/\/mycheap-travel.com\/en\/wp-json\/wp\/v2\/pages\/3","targetHints":{"allow":["GET"]}}],"collection":[{"href":"https:\/\/mycheap-travel.com\/en\/wp-json\/wp\/v2\/pages"}],"about":[{"href":"https:\/\/mycheap-travel.com\/en\/wp-json\/wp\/v2\/types\/page"}],"author":[{"embeddable":true,"href":"https:\/\/mycheap-travel.com\/en\/wp-json\/wp\/v2\/users\/1"}],"replies":[{"embeddable":true,"href":"https:\/\/mycheap-travel.com\/en\/wp-json\/wp\/v2\/comments?post=3"}],"version-history":[{"count":0,"href":"https:\/\/mycheap-travel.com\/en\/wp-json\/wp\/v2\/pages\/3\/revisions"}],"wp:attachment":[{"href":"https:\/\/mycheap-travel.com\/en\/wp-json\/wp\/v2\/media?parent=3"}],"curies":[{"name":"wp","href":"https:\/\/api.w.org\/{rel}","templated":true}]}}