{"id":1377,"date":"2023-12-06T12:06:57","date_gmt":"2023-12-06T12:06:57","guid":{"rendered":"https:\/\/mycheap-travel.com\/?page_id=1377"},"modified":"2024-11-26T12:33:54","modified_gmt":"2024-11-26T12:33:54","slug":"prezentacja-produktowa","status":"publish","type":"page","link":"https:\/\/mycheap-travel.com\/en\/prezentacja-produktowa\/","title":{"rendered":"Jak dzia\u0142a klub podr\u00f3\u017cnika?"},"content":{"rendered":"<p>[et_pb_section fb_built=&#8221;1&#8243; _builder_version=&#8221;4.22.2&#8243; _module_preset=&#8221;default&#8221; background_color=&#8221;#FFFFFF&#8221; background_image=&#8221;https:\/\/mycheap-travel.com\/wp-content\/uploads\/2023\/10\/91.jpg&#8221; background_position=&#8221;bottom_left&#8221; custom_padding=&#8221;51px||0px||false|false&#8221; global_colors_info=&#8221;{}&#8221;][et_pb_row _builder_version=&#8221;4.17.1&#8243; _module_preset=&#8221;default&#8221; width=&#8221;90%&#8221; custom_padding=&#8221;20px|20px|20px|20px|true|true&#8221; global_colors_info=&#8221;{}&#8221;][et_pb_column type=&#8221;4_4&#8243; _builder_version=&#8221;4.17.1&#8243; _module_preset=&#8221;default&#8221; global_colors_info=&#8221;{}&#8221;][et_pb_text _builder_version=&#8221;4.23.1&#8243; _module_preset=&#8221;default&#8221; header_font=&#8221;Montserrat|800||on|||||&#8221; header_text_color=&#8221;#FFFFFF&#8221; header_font_size=&#8221;62px&#8221; text_orientation=&#8221;center&#8221; header_font_size_tablet=&#8221;42px&#8221; header_font_size_phone=&#8221;32px&#8221; header_font_size_last_edited=&#8221;on|phone&#8221; header_text_shadow_style=&#8221;preset2&#8243; header_text_shadow_color=&#8221;rgba(0,0,0,0.09)&#8221; global_colors_info=&#8221;{}&#8221;]<\/p>\n<h1>Jak podr\u00f3\u017cowa\u0107 taniej?<\/h1>\n<p>[\/et_pb_text][\/et_pb_column][\/et_pb_row][et_pb_row _builder_version=&#8221;4.17.1&#8243; _module_preset=&#8221;default&#8221; background_enable_color=&#8221;off&#8221; width=&#8221;90%&#8221; custom_padding=&#8221;0px||0px||false|false&#8221; global_colors_info=&#8221;{}&#8221;][et_pb_column type=&#8221;4_4&#8243; _builder_version=&#8221;4.17.1&#8243; _module_preset=&#8221;default&#8221; global_colors_info=&#8221;{}&#8221;][et_pb_video src=&#8221;https:\/\/youtu.be\/84wH_q4pN4s&#8221; image_src=&#8221;https:\/\/mycheap-travel.com\/wp-content\/uploads\/2024\/11\/Prezka-1-na-1-Wojtek-Tambor.png&#8221; play_icon_color=&#8221;gcid-45f52eec-d330-418a-a510-bdd7e59074ab&#8221; font_icon=&#8221;&#xf144;||fa||900&#8243; use_icon_font_size=&#8221;on&#8221; icon_font_size=&#8221;95px&#8221; _builder_version=&#8221;4.27.3&#8243; _module_preset=&#8221;default&#8221; custom_margin=&#8221;||-2px|||&#8221; custom_padding=&#8221;0px||0px||false|false&#8221; hover_enabled=&#8221;0&#8243; border_width_all=&#8221;8px&#8221; border_color_all=&#8221;rgba(255,255,255,0.47)&#8221; box_shadow_style=&#8221;preset3&#8243; box_shadow_blur=&#8221;50px&#8221; box_shadow_color=&#8221;rgba(0,0,0,0.15)&#8221; global_colors_info=&#8221;{%22gcid-45f52eec-d330-418a-a510-bdd7e59074ab%22:%91%22play_icon_color%22%93}&#8221; title_text=&#8221;Prezka 1 na 1 Wojtek Tambor&#8221; sticky_enabled=&#8221;0&#8243;][\/et_pb_video][\/et_pb_column][\/et_pb_row][et_pb_row _builder_version=&#8221;4.17.1&#8243; _module_preset=&#8221;default&#8221; width=&#8221;100%&#8221; max_width=&#8221;100%&#8221; custom_margin=&#8221;31px|auto||auto||&#8221; custom_padding=&#8221;0px||0px||false|false&#8221; global_colors_info=&#8221;{}&#8221;][et_pb_column type=&#8221;4_4&#8243; _builder_version=&#8221;4.17.1&#8243; _module_preset=&#8221;default&#8221; global_colors_info=&#8221;{}&#8221;][et_pb_image src=&#8221;https:\/\/mycheap-travel.com\/wp-content\/uploads\/2022\/04\/calligraphy_54.png&#8221; title_text=&#8221;tlo strona 2&#8243; align=&#8221;center&#8221; force_fullwidth=&#8221;on&#8221; _builder_version=&#8221;4.22.2&#8243; _module_preset=&#8221;default&#8221; custom_margin=&#8221;-13px|||||&#8221; global_colors_info=&#8221;{}&#8221;][\/et_pb_image][\/et_pb_column][\/et_pb_row][\/et_pb_section][et_pb_section fb_built=&#8221;1&#8243; _builder_version=&#8221;4.17.1&#8243; _module_preset=&#8221;default&#8221; z_index=&#8221;10&#8243; custom_padding=&#8221;0px||||false|false&#8221; global_colors_info=&#8221;{}&#8221;][et_pb_row column_structure=&#8221;1_4,1_4,1_4,1_4&#8243; use_custom_gutter=&#8221;on&#8221; gutter_width=&#8221;2&#8243; _builder_version=&#8221;4.17.1&#8243; _module_preset=&#8221;default&#8221; width=&#8221;90%&#8221; custom_padding=&#8221;||50px|||&#8221; global_colors_info=&#8221;{}&#8221;][et_pb_column type=&#8221;1_4&#8243; _builder_version=&#8221;4.17.1&#8243; _module_preset=&#8221;default&#8221; global_colors_info=&#8221;{}&#8221;][et_pb_blurb title=&#8221;Bezpiecze\u0144stwo!&#8221; use_icon=&#8221;on&#8221; font_icon=&#8221;&#xf505;||fa||900&#8243; icon_color=&#8221;gcid-45f52eec-d330-418a-a510-bdd7e59074ab&#8221; image_icon_width=&#8221;55px&#8221; _builder_version=&#8221;4.22.2&#8243; _module_preset=&#8221;default&#8221; header_font=&#8221;Montserrat|700|||||||&#8221; header_font_size=&#8221;18px&#8221; header_line_height=&#8221;1.4em&#8221; body_font=&#8221;Montserrat||||||||&#8221; background_color=&#8221;#FFFFFF&#8221; use_background_color_gradient=&#8221;on&#8221; background_color_gradient_stops=&#8221;rgba(0,224,213,0.12) 2%|rgba(255,255,255,0) 18%&#8221; text_orientation=&#8221;center&#8221; min_height=&#8221;296px&#8221; custom_margin=&#8221;-100px||||false|false&#8221; custom_margin_tablet=&#8221;0px||||false|false&#8221; custom_margin_phone=&#8221;0px||||false|false&#8221; custom_margin_last_edited=&#8221;on|desktop&#8221; custom_padding=&#8221;20px|20px|20px|20px|true|true&#8221; border_width_all=&#8221;4px&#8221; border_color_all=&#8221;#FFFFFF&#8221; box_shadow_style=&#8221;preset1&#8243; box_shadow_vertical=&#8221;6px&#8221; box_shadow_blur=&#8221;50px&#8221; box_shadow_color=&#8221;rgba(0,0,0,0.1)&#8221; global_colors_info=&#8221;{%22gcid-45f52eec-d330-418a-a510-bdd7e59074ab%22:%91%22icon_color%22,%22icon_color%22%93}&#8221;]<\/p>\n<p><span>100% of your deposits are secured in Trust My Travel at Berclays Bank. You have access to them at any time!<\/span><\/p>\n<p>[\/et_pb_blurb][\/et_pb_column][et_pb_column type=&#8221;1_4&#8243; _builder_version=&#8221;4.17.1&#8243; _module_preset=&#8221;default&#8221; global_colors_info=&#8221;{}&#8221;][et_pb_blurb title=&#8221;Oszcz\u0119dzaj 25%!&#8221; use_icon=&#8221;on&#8221; font_icon=&#8221;&#xf4c0;||fa||900&#8243; icon_color=&#8221;gcid-45f52eec-d330-418a-a510-bdd7e59074ab&#8221; image_icon_width=&#8221;55px&#8221; _builder_version=&#8221;4.23.1&#8243; _module_preset=&#8221;default&#8221; header_font=&#8221;Montserrat|700|||||||&#8221; header_font_size=&#8221;18px&#8221; header_line_height=&#8221;1.4em&#8221; body_font=&#8221;Montserrat||||||||&#8221; background_color=&#8221;#FFFFFF&#8221; use_background_color_gradient=&#8221;on&#8221; background_color_gradient_stops=&#8221;rgba(0,224,213,0.12) 2%|rgba(255,255,255,0) 18%&#8221; text_orientation=&#8221;center&#8221; min_height=&#8221;296px&#8221; custom_margin=&#8221;-100px||||false|false&#8221; custom_margin_tablet=&#8221;0px||||false|false&#8221; custom_margin_phone=&#8221;0px||||false|false&#8221; custom_margin_last_edited=&#8221;on|desktop&#8221; custom_padding=&#8221;20px|20px|20px|20px|true|true&#8221; border_width_all=&#8221;4px&#8221; border_color_all=&#8221;#FFFFFF&#8221; box_shadow_style=&#8221;preset1&#8243; box_shadow_vertical=&#8221;6px&#8221; box_shadow_blur=&#8221;50px&#8221; box_shadow_color=&#8221;rgba(0,0,0,0.1)&#8221; global_colors_info=&#8221;{%22gcid-45f52eec-d330-418a-a510-bdd7e59074ab%22:%91%22icon_color%22,%22icon_color%22,%22icon_color%22,%22icon_color%22%93}&#8221;]<\/p>\n<p><span>Oszcz\u0119dzaj na podr\u00f3\u017cach poni\u017cej stawek opublikowanych gdziekolwiek w Internecie lub stacjonarnie.<\/span><\/p>\n<p>[\/et_pb_blurb][\/et_pb_column][et_pb_column type=&#8221;1_4&#8243; _builder_version=&#8221;4.17.1&#8243; _module_preset=&#8221;default&#8221; global_colors_info=&#8221;{}&#8221;][et_pb_blurb title=&#8221;Najwy\u017csza jako\u015b\u0107!&#8221; use_icon=&#8221;on&#8221; font_icon=&#8221;&#xf559;||fa||900&#8243; icon_color=&#8221;gcid-45f52eec-d330-418a-a510-bdd7e59074ab&#8221; image_icon_width=&#8221;55px&#8221; _builder_version=&#8221;4.23.1&#8243; _module_preset=&#8221;default&#8221; header_font=&#8221;Montserrat|700|||||||&#8221; header_font_size=&#8221;18px&#8221; header_line_height=&#8221;1.4em&#8221; body_font=&#8221;Montserrat||||||||&#8221; background_color=&#8221;#FFFFFF&#8221; use_background_color_gradient=&#8221;on&#8221; background_color_gradient_stops=&#8221;rgba(0,224,213,0.12) 2%|rgba(255,255,255,0) 18%&#8221; text_orientation=&#8221;center&#8221; min_height=&#8221;296px&#8221; custom_margin=&#8221;-100px||||false|false&#8221; custom_margin_tablet=&#8221;0px||||false|false&#8221; custom_margin_phone=&#8221;0px||||false|false&#8221; custom_margin_last_edited=&#8221;on|desktop&#8221; custom_padding=&#8221;20px|20px|20px|20px|true|true&#8221; border_width_all=&#8221;4px&#8221; border_color_all=&#8221;#FFFFFF&#8221; box_shadow_style=&#8221;preset1&#8243; box_shadow_vertical=&#8221;6px&#8221; box_shadow_blur=&#8221;50px&#8221; box_shadow_color=&#8221;rgba(0,0,0,0.1)&#8221; global_colors_info=&#8221;{%22gcid-45f52eec-d330-418a-a510-bdd7e59074ab%22:%91%22icon_color%22,%22icon_color%22,%22icon_color%22,%22icon_color%22%93}&#8221;]<\/p>\n<p><span>Ekskluzywne rejsy All Inclusive, hotele i kurorty na ca\u0142ym \u015bwiecie, kt\u00f3re zapewniaj\u0105 wysoki komfort i wygod\u0119 podr\u00f3\u017cowania!<\/span><\/p>\n<p>[\/et_pb_blurb][\/et_pb_column][et_pb_column type=&#8221;1_4&#8243; _builder_version=&#8221;4.17.1&#8243; _module_preset=&#8221;default&#8221; global_colors_info=&#8221;{}&#8221;][et_pb_blurb title=&#8221;Biznes!&#8221; use_icon=&#8221;on&#8221; font_icon=&#8221;&#xf508;||fa||900&#8243; icon_color=&#8221;gcid-45f52eec-d330-418a-a510-bdd7e59074ab&#8221; image_icon_width=&#8221;55px&#8221; _builder_version=&#8221;4.23.1&#8243; _module_preset=&#8221;default&#8221; header_font=&#8221;Montserrat|700|||||||&#8221; header_font_size=&#8221;18px&#8221; header_line_height=&#8221;1.4em&#8221; body_font=&#8221;Montserrat||||||||&#8221; background_color=&#8221;#FFFFFF&#8221; use_background_color_gradient=&#8221;on&#8221; background_color_gradient_stops=&#8221;rgba(0,224,213,0.12) 2%|rgba(255,255,255,0) 18%&#8221; text_orientation=&#8221;center&#8221; min_height=&#8221;296px&#8221; custom_margin=&#8221;-100px||||false|false&#8221; custom_margin_tablet=&#8221;0px||||false|false&#8221; custom_margin_phone=&#8221;0px||||false|false&#8221; custom_margin_last_edited=&#8221;on|desktop&#8221; custom_padding=&#8221;20px|20px|20px|20px|true|true&#8221; border_width_all=&#8221;4px&#8221; border_color_all=&#8221;#FFFFFF&#8221; box_shadow_style=&#8221;preset1&#8243; box_shadow_vertical=&#8221;6px&#8221; box_shadow_blur=&#8221;50px&#8221; box_shadow_color=&#8221;rgba(0,0,0,0.1)&#8221; global_colors_info=&#8221;{%22gcid-45f52eec-d330-418a-a510-bdd7e59074ab%22:%91%22icon_color%22,%22icon_color%22,%22icon_color%22,%22icon_color%22%93}&#8221;]<\/p>\n<p><span>Masz mo\u017cliwo\u015b\u0107 generowania dochodu. Korzystne podr\u00f3\u017ce oraz \u015bwietna alternatywna dla biznesu tradycyjnego!<\/span><\/p>\n<p>[\/et_pb_blurb][\/et_pb_column][\/et_pb_row][et_pb_row _builder_version=&#8221;4.22.2&#8243; _module_preset=&#8221;default&#8221; width=&#8221;90%&#8221; custom_padding=&#8221;20px|20px|20px|20px|true|true&#8221; border_width_all=&#8221;1px&#8221; border_color_all=&#8221;#000000&#8243; border_style_all=&#8221;dashed&#8221; locked=&#8221;off&#8221; global_colors_info=&#8221;{}&#8221;][et_pb_column type=&#8221;4_4&#8243; _builder_version=&#8221;4.17.1&#8243; _module_preset=&#8221;default&#8221; global_colors_info=&#8221;{}&#8221;][et_pb_text _builder_version=&#8221;4.27.2&#8243; _module_preset=&#8221;default&#8221; text_text_color=&#8221;#000000&#8243; header_font=&#8221;Montserrat|800||on|||||&#8221; header_text_color=&#8221;#000000&#8243; header_font_size=&#8221;36px&#8221; text_orientation=&#8221;center&#8221; global_colors_info=&#8221;{}&#8221;]<\/p>\n<h1>Wy\u015blij wiadomo\u015b\u0107 prywatn\u0105 poni\u017cej<\/h1>\n<p>[\/et_pb_text][\/et_pb_column][\/et_pb_row][et_pb_row _builder_version=&#8221;4.23.1&#8243; _module_preset=&#8221;default&#8221; global_colors_info=&#8221;{}&#8221;][et_pb_column type=&#8221;4_4&#8243; _builder_version=&#8221;4.23.1&#8243; _module_preset=&#8221;default&#8221; global_colors_info=&#8221;{}&#8221;][et_pb_button button_url=&#8221;http:\/\/m.me\/815902885449518&#8243; button_text=&#8221;Napisz wiadomo\u015b\u0107&#8221; button_alignment=&#8221;center&#8221; _builder_version=&#8221;4.27.2&#8243; _module_preset=&#8221;default&#8221; custom_button=&#8221;on&#8221; button_text_color=&#8221;#FFFFFF&#8221; button_bg_color=&#8221;#000000&#8243; button_border_width=&#8221;0px&#8221; button_border_radius=&#8221;20px&#8221; button_font=&#8221;|||on|||||&#8221; button_icon=&#8221;&#xe010;||divi||400&#8243; custom_padding=&#8221;20px|30px|20px|30px|false|false&#8221; global_colors_info=&#8221;{}&#8221;][\/et_pb_button][\/et_pb_column][\/et_pb_row][\/et_pb_section]<\/p>","protected":false},"excerpt":{"rendered":"<p>Jak podr\u00f3\u017cowa\u0107 taniej?100% Twoich wp\u0142at jest zabezpieczone w Trust My Travel w Berclays Bank. W ka\u017cdej chwili masz do nich dost\u0119p!Oszcz\u0119dzaj na podr\u00f3\u017cach poni\u017cej stawek opublikowanych gdziekolwiek w Internecie lub stacjonarnie.Ekskluzywne rejsy All Inclusive, hotele i kurorty na ca\u0142ym \u015bwiecie, kt\u00f3re zapewniaj\u0105 wysoki komfort i wygod\u0119 podr\u00f3\u017cowania!Masz mo\u017cliwo\u015b\u0107 generowania dochodu. Korzystne podr\u00f3\u017ce oraz \u015bwietna alternatywna [&hellip;]<\/p>","protected":false},"author":1,"featured_media":1380,"parent":0,"menu_order":0,"comment_status":"closed","ping_status":"closed","template":"page-template-blank.php","meta":{"_et_pb_use_builder":"on","_et_pb_old_content":"","_et_gb_content_width":"","footnotes":""},"class_list":["post-1377","page","type-page","status-publish","has-post-thumbnail","hentry"],"yoast_head":"<!-- This site is optimized with the Yoast SEO plugin v26.1.1 - https:\/\/yoast.com\/wordpress\/plugins\/seo\/ -->\n<title>Jak dzia\u0142a klub podr\u00f3\u017cnika? - My Cheap Travel - Tanie Podr&oacute;\u017ce<\/title>\n<meta name=\"robots\" content=\"index, follow, max-snippet:-1, max-image-preview:large, max-video-preview:-1\" \/>\n<link rel=\"canonical\" href=\"https:\/\/mycheap-travel.com\/en\/prezentacja-produktowa\/\" \/>\n<meta property=\"og:locale\" content=\"en_GB\" \/>\n<meta property=\"og:type\" content=\"article\" \/>\n<meta property=\"og:title\" content=\"Jak dzia\u0142a klub podr\u00f3\u017cnika? - My Cheap Travel - Tanie Podr&oacute;\u017ce\" \/>\n<meta property=\"og:description\" content=\"Jak podr\u00f3\u017cowa\u0107 taniej?100% Twoich wp\u0142at jest zabezpieczone w Trust My Travel w Berclays Bank. W ka\u017cdej chwili masz do nich dost\u0119p!Oszcz\u0119dzaj na podr\u00f3\u017cach poni\u017cej stawek opublikowanych gdziekolwiek w Internecie lub stacjonarnie.Ekskluzywne rejsy All Inclusive, hotele i kurorty na ca\u0142ym \u015bwiecie, kt\u00f3re zapewniaj\u0105 wysoki komfort i wygod\u0119 podr\u00f3\u017cowania!Masz mo\u017cliwo\u015b\u0107 generowania dochodu. Korzystne podr\u00f3\u017ce oraz \u015bwietna alternatywna [&hellip;]\" \/>\n<meta property=\"og:url\" content=\"https:\/\/mycheap-travel.com\/en\/prezentacja-produktowa\/\" \/>\n<meta property=\"og:site_name\" content=\"My Cheap Travel - Tanie Podr&oacute;\u017ce\" \/>\n<meta property=\"article:modified_time\" content=\"2024-11-26T12:33:54+00:00\" \/>\n<meta property=\"og:image\" content=\"https:\/\/mycheap-travel.com\/wp-content\/uploads\/2023\/12\/Podroze.jpg\" \/>\n\t<meta property=\"og:image:width\" content=\"1920\" \/>\n\t<meta property=\"og:image:height\" content=\"1080\" \/>\n\t<meta property=\"og:image:type\" content=\"image\/jpeg\" \/>\n<meta name=\"twitter:card\" content=\"summary_large_image\" \/>\n<meta name=\"twitter:label1\" content=\"Estimated reading time\" \/>\n\t<meta name=\"twitter:data1\" content=\"2 minutes\" \/>\n<script type=\"application\/ld+json\" class=\"yoast-schema-graph\">{\"@context\":\"https:\/\/schema.org\",\"@graph\":[{\"@type\":\"WebPage\",\"@id\":\"https:\/\/mycheap-travel.com\/prezentacja-produktowa\/\",\"url\":\"https:\/\/mycheap-travel.com\/prezentacja-produktowa\/\",\"name\":\"Jak dzia\u0142a klub podr\u00f3\u017cnika? - My Cheap Travel - Tanie Podr&oacute;\u017ce\",\"isPartOf\":{\"@id\":\"https:\/\/mycheap-travel.com\/#website\"},\"primaryImageOfPage\":{\"@id\":\"https:\/\/mycheap-travel.com\/prezentacja-produktowa\/#primaryimage\"},\"image\":{\"@id\":\"https:\/\/mycheap-travel.com\/prezentacja-produktowa\/#primaryimage\"},\"thumbnailUrl\":\"https:\/\/mycheap-travel.com\/wp-content\/uploads\/2023\/12\/Podroze.jpg\",\"datePublished\":\"2023-12-06T12:06:57+00:00\",\"dateModified\":\"2024-11-26T12:33:54+00:00\",\"breadcrumb\":{\"@id\":\"https:\/\/mycheap-travel.com\/prezentacja-produktowa\/#breadcrumb\"},\"inLanguage\":\"en-GB\",\"potentialAction\":[{\"@type\":\"ReadAction\",\"target\":[\"https:\/\/mycheap-travel.com\/prezentacja-produktowa\/\"]}]},{\"@type\":\"ImageObject\",\"inLanguage\":\"en-GB\",\"@id\":\"https:\/\/mycheap-travel.com\/prezentacja-produktowa\/#primaryimage\",\"url\":\"https:\/\/mycheap-travel.com\/wp-content\/uploads\/2023\/12\/Podroze.jpg\",\"contentUrl\":\"https:\/\/mycheap-travel.com\/wp-content\/uploads\/2023\/12\/Podroze.jpg\",\"width\":1920,\"height\":1080},{\"@type\":\"BreadcrumbList\",\"@id\":\"https:\/\/mycheap-travel.com\/prezentacja-produktowa\/#breadcrumb\",\"itemListElement\":[{\"@type\":\"ListItem\",\"position\":1,\"name\":\"Strona g\u0142\u00f3wna\",\"item\":\"https:\/\/mycheap-travel.com\/\"},{\"@type\":\"ListItem\",\"position\":2,\"name\":\"Jak dzia\u0142a klub podr\u00f3\u017cnika?\"}]},{\"@type\":\"WebSite\",\"@id\":\"https:\/\/mycheap-travel.com\/#website\",\"url\":\"https:\/\/mycheap-travel.com\/\",\"name\":\"My Cheap Travel - Tanie Podr&oacute;\u017ce\",\"description\":\"My Cheap Travel - Tanie Podr&oacute;\u017ce\",\"potentialAction\":[{\"@type\":\"SearchAction\",\"target\":{\"@type\":\"EntryPoint\",\"urlTemplate\":\"https:\/\/mycheap-travel.com\/?s={search_term_string}\"},\"query-input\":{\"@type\":\"PropertyValueSpecification\",\"valueRequired\":true,\"valueName\":\"search_term_string\"}}],\"inLanguage\":\"en-GB\"}]}<\/script>\n<!-- \/ Yoast SEO plugin. -->","yoast_head_json":{"title":"Jak dzia\u0142a klub podr\u00f3\u017cnika? - My Cheap Travel - Tanie Podr&oacute;\u017ce","robots":{"index":"index","follow":"follow","max-snippet":"max-snippet:-1","max-image-preview":"max-image-preview:large","max-video-preview":"max-video-preview:-1"},"canonical":"https:\/\/mycheap-travel.com\/en\/prezentacja-produktowa\/","og_locale":"en_GB","og_type":"article","og_title":"Jak dzia\u0142a klub podr\u00f3\u017cnika? - My Cheap Travel - Tanie Podr&oacute;\u017ce","og_description":"Jak podr\u00f3\u017cowa\u0107 taniej?100% Twoich wp\u0142at jest zabezpieczone w Trust My Travel w Berclays Bank. W ka\u017cdej chwili masz do nich dost\u0119p!Oszcz\u0119dzaj na podr\u00f3\u017cach poni\u017cej stawek opublikowanych gdziekolwiek w Internecie lub stacjonarnie.Ekskluzywne rejsy All Inclusive, hotele i kurorty na ca\u0142ym \u015bwiecie, kt\u00f3re zapewniaj\u0105 wysoki komfort i wygod\u0119 podr\u00f3\u017cowania!Masz mo\u017cliwo\u015b\u0107 generowania dochodu. Korzystne podr\u00f3\u017ce oraz \u015bwietna alternatywna [&hellip;]","og_url":"https:\/\/mycheap-travel.com\/en\/prezentacja-produktowa\/","og_site_name":"My Cheap Travel - Tanie Podr&oacute;\u017ce","article_modified_time":"2024-11-26T12:33:54+00:00","og_image":[{"width":1920,"height":1080,"url":"https:\/\/mycheap-travel.com\/wp-content\/uploads\/2023\/12\/Podroze.jpg","type":"image\/jpeg"}],"twitter_card":"summary_large_image","twitter_misc":{"Estimated reading time":"2 minutes"},"schema":{"@context":"https:\/\/schema.org","@graph":[{"@type":"WebPage","@id":"https:\/\/mycheap-travel.com\/prezentacja-produktowa\/","url":"https:\/\/mycheap-travel.com\/prezentacja-produktowa\/","name":"Jak dzia\u0142a klub podr\u00f3\u017cnika? - My Cheap Travel - Tanie Podr&oacute;\u017ce","isPartOf":{"@id":"https:\/\/mycheap-travel.com\/#website"},"primaryImageOfPage":{"@id":"https:\/\/mycheap-travel.com\/prezentacja-produktowa\/#primaryimage"},"image":{"@id":"https:\/\/mycheap-travel.com\/prezentacja-produktowa\/#primaryimage"},"thumbnailUrl":"https:\/\/mycheap-travel.com\/wp-content\/uploads\/2023\/12\/Podroze.jpg","datePublished":"2023-12-06T12:06:57+00:00","dateModified":"2024-11-26T12:33:54+00:00","breadcrumb":{"@id":"https:\/\/mycheap-travel.com\/prezentacja-produktowa\/#breadcrumb"},"inLanguage":"en-GB","potentialAction":[{"@type":"ReadAction","target":["https:\/\/mycheap-travel.com\/prezentacja-produktowa\/"]}]},{"@type":"ImageObject","inLanguage":"en-GB","@id":"https:\/\/mycheap-travel.com\/prezentacja-produktowa\/#primaryimage","url":"https:\/\/mycheap-travel.com\/wp-content\/uploads\/2023\/12\/Podroze.jpg","contentUrl":"https:\/\/mycheap-travel.com\/wp-content\/uploads\/2023\/12\/Podroze.jpg","width":1920,"height":1080},{"@type":"BreadcrumbList","@id":"https:\/\/mycheap-travel.com\/prezentacja-produktowa\/#breadcrumb","itemListElement":[{"@type":"ListItem","position":1,"name":"Strona g\u0142\u00f3wna","item":"https:\/\/mycheap-travel.com\/"},{"@type":"ListItem","position":2,"name":"Jak dzia\u0142a klub podr\u00f3\u017cnika?"}]},{"@type":"WebSite","@id":"https:\/\/mycheap-travel.com\/#website","url":"https:\/\/mycheap-travel.com\/","name":"My Cheap Travel - Tanie Podr&oacute;\u017ce","description":"My Cheap Travel - Tanie Podr&oacute;\u017ce","potentialAction":[{"@type":"SearchAction","target":{"@type":"EntryPoint","urlTemplate":"https:\/\/mycheap-travel.com\/?s={search_term_string}"},"query-input":{"@type":"PropertyValueSpecification","valueRequired":true,"valueName":"search_term_string"}}],"inLanguage":"en-GB"}]}},"_links":{"self":[{"href":"https:\/\/mycheap-travel.com\/en\/wp-json\/wp\/v2\/pages\/1377","targetHints":{"allow":["GET"]}}],"collection":[{"href":"https:\/\/mycheap-travel.com\/en\/wp-json\/wp\/v2\/pages"}],"about":[{"href":"https:\/\/mycheap-travel.com\/en\/wp-json\/wp\/v2\/types\/page"}],"author":[{"embeddable":true,"href":"https:\/\/mycheap-travel.com\/en\/wp-json\/wp\/v2\/users\/1"}],"replies":[{"embeddable":true,"href":"https:\/\/mycheap-travel.com\/en\/wp-json\/wp\/v2\/comments?post=1377"}],"version-history":[{"count":9,"href":"https:\/\/mycheap-travel.com\/en\/wp-json\/wp\/v2\/pages\/1377\/revisions"}],"predecessor-version":[{"id":1478,"href":"https:\/\/mycheap-travel.com\/en\/wp-json\/wp\/v2\/pages\/1377\/revisions\/1478"}],"wp:featuredmedia":[{"embeddable":true,"href":"https:\/\/mycheap-travel.com\/en\/wp-json\/wp\/v2\/media\/1380"}],"wp:attachment":[{"href":"https:\/\/mycheap-travel.com\/en\/wp-json\/wp\/v2\/media?parent=1377"}],"curies":[{"name":"wp","href":"https:\/\/api.w.org\/{rel}","templated":true}]}}